{"id":464,"date":"2024-02-20T15:55:49","date_gmt":"2024-02-20T14:55:49","guid":{"rendered":"http:\/\/localhost\/?page_id=464"},"modified":"2024-04-16T20:14:06","modified_gmt":"2024-04-16T18:14:06","slug":"rentenversicherung","status":"publish","type":"page","link":"https:\/\/lifeandmanagement.ch\/dienste\/rentenversicherung\/","title":{"rendered":"Rentenversicherung"},"content":{"rendered":"<section class=\"offer-hero-baner section-margin overflow-hidden\">\n\n    <div class=\"container relative\">\n\n        <div class=\"hidden lg:block absolute top-[10rem] left-[-2rem]\">\n        \n            <svg class=\"w-[calc(100%+4rem)] h-[26.5rem]\" viewBox=\"0 0 1216 256\" fill=\"none\" xmlns=\"http:\/\/www.w3.org\/2000\/svg\">\n                <path fill-rule=\"evenodd\" clip-rule=\"evenodd\" d=\"M1216 48C1216 25.3726 1216 14.0589 1208.97 7.02944C1201.94 0 1190.63 0 1168 0H48C25.3726 0 14.0589 0 7.02944 7.02944C0 14.0589 0 25.3726 0 48V144C0 166.627 0 177.941 7.02944 184.971C14.0589 192 25.3726 192 48 192H172.488C187.314 192 194.726 192 200.619 195.746C206.512 199.491 209.658 206.203 215.95 219.627L220.05 228.373C226.342 241.797 229.488 248.509 235.381 252.254C241.274 256 248.686 256 263.512 256H1168C1190.63 256 1201.94 256 1208.97 248.971C1216 241.941 1216 230.627 1216 208V48Z\" fill=\"#222428\"\/>\n            <\/svg>\n\n        <\/div>\n\n        <div class=\"grid grid-cols-1 lg:grid-cols-2 gap-32 lg:gap-64 relative z-10\">\n\n            <div class=\"col-span-1 flex flex-col items-start lg:mt-24\">\n\n                <div class=\"breadcrumbs overflow-x-auto\">\n\t<div class=\"breadcrumbs__inner flex w-max\">\n\t\t<span><span><a href=\"https:\/\/lifeandmanagement.ch\/\">LIFE AND MANAGEMENT<\/a><\/span><\/span>\n\t<\/div>\n<\/div>\n\n                \n                    <div class=\"relative\">\n                        \n    <h2 class=\"relative   relative z-10 lg:min-h-[12rem] mt-16 mb-24 lg:my-88\">\n\n            <span class=\"relative inline-flex\">\n            \n                <span class=\"z-20\">\n                    Rentenversicherung\n                <\/span>\n\n                   \n\n            <\/span>\n\n\n    <\/h2>\n\n                    <\/div>\n\n                \n                \n                    \n\t\n    \n        \n\t\t\t<a href=\"\/kontakt\" target=\"_self\"  class=\"button primary \">\n\n\t\t\t\t<span>\n\t\t\t\t\tKONTAKT\n\t\t\t\t<\/span>\n\n\t\t\t<\/a>\n\n        \n    \n\n                \n            <\/div>\n\n            <div class=\"col-span-1 relative\">\n            \n                \n    \n        \n                \n                \n    <figure class=\"overflow-hidden\">\n\n        <img decoding=\"async\" src=\"https:\/\/lifeandmanagement.ch\/wp-content\/uploads\/2024\/02\/pension-insurance.png\" srcset=\"https:\/\/lifeandmanagement.ch\/wp-content\/uploads\/2024\/02\/pension-insurance.png 568w, https:\/\/lifeandmanagement.ch\/wp-content\/uploads\/2024\/02\/pension-insurance-300x247.png 300w, https:\/\/lifeandmanagement.ch\/wp-content\/uploads\/2024\/02\/pension-insurance-15x12.png 15w, https:\/\/lifeandmanagement.ch\/wp-content\/uploads\/2024\/02\/pension-insurance-500x412.png 500w\" sizes=\"(max-width: 568px) 100vw, 568px\" alt=\"\" class=\"h-full w-full object-cover\" width=568 height=468 loading=\"lazy\" \/>\n\n    <\/figure>\n\n\n    \n\n\n            <\/div>\n        \n        <\/div>\n    \n    <\/div>\n\n<\/section>\n\n\n    <section class=\"logos-slider section-margin section-margin--small js-logos-slider splide\">\n\n        <div class=\"container\">\n        \n            <div class=\"splide__track\">\n\n                <div class=\"splide__list\">\n\n                    \n                        <div class=\"splide__slide flex items-center justify-center\">\n\n                            \n    \n        \n                \n                \n    <figure class=\"overflow-hidden\">\n\n        <img decoding=\"async\" src=\"https:\/\/lifeandmanagement.ch\/wp-content\/uploads\/2024\/02\/groupe-muetel.png\" srcset=\"https:\/\/lifeandmanagement.ch\/wp-content\/uploads\/2024\/02\/groupe-muetel.png 200w, https:\/\/lifeandmanagement.ch\/wp-content\/uploads\/2024\/02\/groupe-muetel-18x3.png 18w\" sizes=\"(max-width: 200px) 100vw, 200px\" alt=\"\" class=\"h-full w-full object-cover grayscale\" width=200 height=31 loading=\"lazy\" \/>\n\n    <\/figure>\n\n\n    \n\n                        <\/div>\n\n                    \n                        <div class=\"splide__slide flex items-center justify-center\">\n\n                            \n    \n        \n                \n                \n    <figure class=\"overflow-hidden\">\n\n        <img decoding=\"async\" src=\"https:\/\/lifeandmanagement.ch\/wp-content\/uploads\/2024\/02\/generali.png\" srcset=\"https:\/\/lifeandmanagement.ch\/wp-content\/uploads\/2024\/02\/generali.png 171w, https:\/\/lifeandmanagement.ch\/wp-content\/uploads\/2024\/02\/generali-18x3.png 18w\" sizes=\"(max-width: 171px) 100vw, 171px\" alt=\"\" class=\"h-full w-full object-cover grayscale\" width=171 height=24 loading=\"lazy\" \/>\n\n    <\/figure>\n\n\n    \n\n                        <\/div>\n\n                    \n                        <div class=\"splide__slide flex items-center justify-center\">\n\n                            \n    \n        \n                \n                \n    <figure class=\"overflow-hidden\">\n\n        <img decoding=\"async\" src=\"https:\/\/lifeandmanagement.ch\/wp-content\/uploads\/2024\/02\/zurich.png\" srcset=\"https:\/\/lifeandmanagement.ch\/wp-content\/uploads\/2024\/02\/zurich.png 193w, https:\/\/lifeandmanagement.ch\/wp-content\/uploads\/2024\/02\/zurich-18x5.png 18w\" sizes=\"(max-width: 193px) 100vw, 193px\" alt=\"\" class=\"h-full w-full object-cover grayscale\" width=193 height=50 loading=\"lazy\" \/>\n\n    <\/figure>\n\n\n    \n\n                        <\/div>\n\n                    \n                        <div class=\"splide__slide flex items-center justify-center\">\n\n                            \n    \n        \n                \n                \n    <figure class=\"overflow-hidden\">\n\n        <img decoding=\"async\" src=\"https:\/\/lifeandmanagement.ch\/wp-content\/uploads\/2024\/02\/baloise.png\" srcset=\"https:\/\/lifeandmanagement.ch\/wp-content\/uploads\/2024\/02\/baloise.png 2500w, https:\/\/lifeandmanagement.ch\/wp-content\/uploads\/2024\/02\/baloise-300x66.png 300w, https:\/\/lifeandmanagement.ch\/wp-content\/uploads\/2024\/02\/baloise-1024x225.png 1024w, https:\/\/lifeandmanagement.ch\/wp-content\/uploads\/2024\/02\/baloise-768x169.png 768w, https:\/\/lifeandmanagement.ch\/wp-content\/uploads\/2024\/02\/baloise-1536x338.png 1536w, https:\/\/lifeandmanagement.ch\/wp-content\/uploads\/2024\/02\/baloise-2048x451.png 2048w, https:\/\/lifeandmanagement.ch\/wp-content\/uploads\/2024\/02\/baloise-18x4.png 18w, https:\/\/lifeandmanagement.ch\/wp-content\/uploads\/2024\/02\/baloise-500x110.png 500w\" sizes=\"(max-width: 2500px) 100vw, 2500px\" alt=\"\" class=\"h-full w-full object-cover grayscale\" width=2500 height=550 loading=\"lazy\" \/>\n\n    <\/figure>\n\n\n    \n\n                        <\/div>\n\n                    \n                        <div class=\"splide__slide flex items-center justify-center\">\n\n                            \n    \n        \n                \n    \n    <figure class=\"overflow-hidden\">\n\n        <img decoding=\"async\" src=\"https:\/\/lifeandmanagement.ch\/wp-content\/uploads\/2023\/12\/swica.png\" srcset=\"\" sizes=\"\" alt=\"\" class=\"h-full w-full object-cover grayscale\" width=113 height=48 loading=\"lazy\" \/>\n\n    <\/figure>\n\n\n    \n\n                        <\/div>\n\n                    \n                        <div class=\"splide__slide flex items-center justify-center\">\n\n                            \n    \n        \n                \n                \n    <figure class=\"overflow-hidden\">\n\n        <img decoding=\"async\" src=\"https:\/\/lifeandmanagement.ch\/wp-content\/uploads\/2024\/02\/css.png\" srcset=\"https:\/\/lifeandmanagement.ch\/wp-content\/uploads\/2024\/02\/css.png 68w, https:\/\/lifeandmanagement.ch\/wp-content\/uploads\/2024\/02\/css-18x8.png 18w\" sizes=\"(max-width: 68px) 100vw, 68px\" alt=\"\" class=\"h-full w-full object-cover grayscale\" width=68 height=29 loading=\"lazy\" \/>\n\n    <\/figure>\n\n\n    \n\n                        <\/div>\n\n                    \n                        <div class=\"splide__slide flex items-center justify-center\">\n\n                            \n    \n        \n                \n    \n    <figure class=\"overflow-hidden\">\n\n        <img decoding=\"async\" src=\"https:\/\/lifeandmanagement.ch\/wp-content\/uploads\/2023\/12\/visana.png\" srcset=\"\" sizes=\"\" alt=\"\" class=\"h-full w-full object-cover grayscale\" width=112 height=48 loading=\"lazy\" \/>\n\n    <\/figure>\n\n\n    \n\n                        <\/div>\n\n                    \n                        <div class=\"splide__slide flex items-center justify-center\">\n\n                            \n    \n        \n                \n    \n    <figure class=\"overflow-hidden\">\n\n        <img decoding=\"async\" src=\"https:\/\/lifeandmanagement.ch\/wp-content\/uploads\/2023\/12\/sanitas.png\" srcset=\"\" sizes=\"\" alt=\"\" class=\"h-full w-full object-cover grayscale\" width=113 height=48 loading=\"lazy\" \/>\n\n    <\/figure>\n\n\n    \n\n                        <\/div>\n\n                    \n                <\/div>\n\n            <\/div>\n\n        <\/div>\n\n    <\/section>\n\n\n\n<section class=\"heading-with-description section-margin--xsmall\">\n\n  <div class=\"max-w-[60rem] mx-auto px-16 flex flex-col gap-30\">\n\n    \n      \n    <h3 class=\"relative   relative z-10\">\n\n            <span class=\"relative inline-flex\">\n            \n                <span class=\"z-20\">\n                    Die Schweizer Regierung hat vor vielen Jahren ein obligatorisches Rentensystem eingef\u00fchrt.\n                <\/span>\n\n                   \n\n            <\/span>\n\n\n    <\/h3>\n\n\n    \n    <div class=\"flex flex-col gap-24 items-start text-white big-paragraph\">\n    \n      <p>Vor vielen Jahren hat es gut funktioniert. Aber die Dinge \u00e4ndern sich, wir leben l\u00e4nger, wir reisen weiter, wir erf\u00fcllen uns unsere Tr\u00e4ume. Leider k\u00f6nnen wir angesichts des derzeitigen demografischen R\u00fcckgangs und des in der Schweiz obligatorischen Zwei-S\u00e4ulen-Systems nicht mit viel rechnen. Traurig, aber wahr, denn wir haben unsere Beitr\u00e4ge bezahlt. Das hei\u00dft, wir arbeiten in der Schweiz vom 17. Lebensjahr bis zum vollen Rentenalter, das bald 66 Jahre f\u00fcr M\u00e4nner und 65 Jahre f\u00fcr Frauen betragen wird. Wir erhalten maximal 60 % des Durchschnittseinkommens. Bei verheirateten Paaren ist es leider noch schlimmer, da es zu einer Zusammenrechnung der Beitr\u00e4ge und einer K\u00fcrzung der Leistungen kommt. Daher sollten wir bei der Planung unseres Berufs- und Privatlebens auch an unsere Zukunft denken, die schneller kommen wird, als wir denken, und unsere Finanzen sichern. Es gibt viele M\u00f6glichkeiten. Deshalb bieten wir unseren Kunden ein Gespr\u00e4ch an, in dem sie ihre derzeitige Absicherung \u00fcberpr\u00fcfen und dann ihren tats\u00e4chlichen Bedarf f\u00fcr heute und die kommenden Jahre ermitteln k\u00f6nnen. Welche L\u00f6sung ist die beste f\u00fcr Sie?<\/p>\n\n\n    <\/div>\n\n  <\/div>\n\n<\/section>","protected":false},"excerpt":{"rendered":"","protected":false},"author":1,"featured_media":0,"parent":331,"menu_order":0,"comment_status":"closed","ping_status":"closed","template":"","meta":{"inline_featured_image":false,"editor_plus_copied_stylings":"{}","footnotes":""},"yoast_head":"<!-- This site is optimized with the Yoast SEO plugin v21.5 - https:\/\/yoast.com\/wordpress\/plugins\/seo\/ -->\n<title>Rentenversicherung - lifeandmanagement<\/title>\n<meta name=\"robots\" content=\"index, follow, max-snippet:-1, max-image-preview:large, max-video-preview:-1\" \/>\n<link rel=\"canonical\" href=\"https:\/\/lifeandmanagement.ch\/dienste\/rentenversicherung\/\" \/>\n<meta property=\"og:locale\" content=\"de_DE\" \/>\n<meta property=\"og:type\" content=\"article\" \/>\n<meta property=\"og:title\" content=\"Rentenversicherung - lifeandmanagement\" \/>\n<meta property=\"og:url\" content=\"https:\/\/lifeandmanagement.ch\/dienste\/rentenversicherung\/\" \/>\n<meta property=\"og:site_name\" content=\"lifeandmanagement\" \/>\n<meta property=\"article:modified_time\" content=\"2024-04-16T18:14:06+00:00\" \/>\n<meta name=\"twitter:card\" content=\"summary_large_image\" \/>\n<script type=\"application\/ld+json\" class=\"yoast-schema-graph\">{\"@context\":\"https:\/\/schema.org\",\"@graph\":[{\"@type\":\"WebPage\",\"@id\":\"https:\/\/lifeandmanagement.ch\/dienste\/rentenversicherung\/\",\"url\":\"https:\/\/lifeandmanagement.ch\/dienste\/rentenversicherung\/\",\"name\":\"Rentenversicherung - lifeandmanagement\",\"isPartOf\":{\"@id\":\"https:\/\/lifeandmanagement.ch\/#website\"},\"datePublished\":\"2024-02-20T14:55:49+00:00\",\"dateModified\":\"2024-04-16T18:14:06+00:00\",\"breadcrumb\":{\"@id\":\"https:\/\/lifeandmanagement.ch\/dienste\/rentenversicherung\/#breadcrumb\"},\"inLanguage\":\"de-CH\",\"potentialAction\":[{\"@type\":\"ReadAction\",\"target\":[\"https:\/\/lifeandmanagement.ch\/dienste\/rentenversicherung\/\"]}]},{\"@type\":\"BreadcrumbList\",\"@id\":\"https:\/\/lifeandmanagement.ch\/dienste\/rentenversicherung\/#breadcrumb\",\"itemListElement\":[{\"@type\":\"ListItem\",\"position\":1,\"name\":\"LIFE AND MANAGEMENT\",\"item\":\"https:\/\/lifeandmanagement.ch\/\"},{\"@type\":\"ListItem\",\"position\":2,\"name\":\"Dienste\",\"item\":\"https:\/\/lifeandmanagement.ch\/dienste\/\"},{\"@type\":\"ListItem\",\"position\":3,\"name\":\"Rentenversicherung\"}]},{\"@type\":\"WebSite\",\"@id\":\"https:\/\/lifeandmanagement.ch\/#website\",\"url\":\"https:\/\/lifeandmanagement.ch\/\",\"name\":\"lifeandmanagement\",\"description\":\"\",\"potentialAction\":[{\"@type\":\"SearchAction\",\"target\":{\"@type\":\"EntryPoint\",\"urlTemplate\":\"https:\/\/lifeandmanagement.ch\/?s={search_term_string}\"},\"query-input\":\"required name=search_term_string\"}],\"inLanguage\":\"de-CH\"}]}<\/script>\n<!-- \/ Yoast SEO plugin. -->","yoast_head_json":{"title":"Rentenversicherung - lifeandmanagement","robots":{"index":"index","follow":"follow","max-snippet":"max-snippet:-1","max-image-preview":"max-image-preview:large","max-video-preview":"max-video-preview:-1"},"canonical":"https:\/\/lifeandmanagement.ch\/dienste\/rentenversicherung\/","og_locale":"de_DE","og_type":"article","og_title":"Rentenversicherung - lifeandmanagement","og_url":"https:\/\/lifeandmanagement.ch\/dienste\/rentenversicherung\/","og_site_name":"lifeandmanagement","article_modified_time":"2024-04-16T18:14:06+00:00","twitter_card":"summary_large_image","schema":{"@context":"https:\/\/schema.org","@graph":[{"@type":"WebPage","@id":"https:\/\/lifeandmanagement.ch\/dienste\/rentenversicherung\/","url":"https:\/\/lifeandmanagement.ch\/dienste\/rentenversicherung\/","name":"Rentenversicherung - lifeandmanagement","isPartOf":{"@id":"https:\/\/lifeandmanagement.ch\/#website"},"datePublished":"2024-02-20T14:55:49+00:00","dateModified":"2024-04-16T18:14:06+00:00","breadcrumb":{"@id":"https:\/\/lifeandmanagement.ch\/dienste\/rentenversicherung\/#breadcrumb"},"inLanguage":"de-CH","potentialAction":[{"@type":"ReadAction","target":["https:\/\/lifeandmanagement.ch\/dienste\/rentenversicherung\/"]}]},{"@type":"BreadcrumbList","@id":"https:\/\/lifeandmanagement.ch\/dienste\/rentenversicherung\/#breadcrumb","itemListElement":[{"@type":"ListItem","position":1,"name":"LIFE AND MANAGEMENT","item":"https:\/\/lifeandmanagement.ch\/"},{"@type":"ListItem","position":2,"name":"Dienste","item":"https:\/\/lifeandmanagement.ch\/dienste\/"},{"@type":"ListItem","position":3,"name":"Rentenversicherung"}]},{"@type":"WebSite","@id":"https:\/\/lifeandmanagement.ch\/#website","url":"https:\/\/lifeandmanagement.ch\/","name":"lifeandmanagement","description":"","potentialAction":[{"@type":"SearchAction","target":{"@type":"EntryPoint","urlTemplate":"https:\/\/lifeandmanagement.ch\/?s={search_term_string}"},"query-input":"required name=search_term_string"}],"inLanguage":"de-CH"}]}},"acf":[],"gutenberg_blocks":[{"blockName":"custom-styles","attrs":{"styles":""}},{"blockName":"acf\/offer-hero-banner","attrs":{"name":"acf\/offer-hero-banner","data":{"heading_heading_text":"Rentenversicherung","_heading_heading_text":"field_638627ccced84","heading_heading_level":"h2","_heading_heading_level":"field_638627e7ced85","heading_heading_variant":"default","_heading_heading_variant":"field_63862847ced86","heading_extra_classes":"","_heading_extra_classes":"field_638628eeced88","heading":"","_heading":"field_65d4bf6e67868","button_title":"KONTAKT","_button_title":"field_61d40397c2f0a","button_button_type":"link","_button_button_type":"field_63bbde3b8f0d0","button_url":"\/kontakt","_button_url":"field_61d4039bc2f0b","button_button_style":"primary","_button_button_style":"field_63872d045d0f0","button_target":"_self","_button_target":"field_63872c705d0ef","button_button_extra_classes":"","_button_button_extra_classes":"field_642beab6a97de","button":"","_button":"field_65d4bf6e678e0","image":475,"_image":"field_65d4bf6e67955"},"mode":"edit"},"innerBlocks":[],"innerHTML":"","innerContent":[]},{"blockName":"core\/block","attrs":[{"blockName":"custom-styles","attrs":{"styles":""}},{"blockName":"acf\/logos-slider","attrs":{"name":"acf\/logos-slider","data":{"logos_0_logo":559,"_logos_0_logo":"field_65762455a6918","logos_1_logo":560,"_logos_1_logo":"field_65762455a6918","logos_2_logo":558,"_logos_2_logo":"field_65762455a6918","logos_3_logo":562,"_logos_3_logo":"field_65762455a6918","logos_4_logo":110,"_logos_4_logo":"field_65762455a6918","logos_5_logo":561,"_logos_5_logo":"field_65762455a6918","logos_6_logo":112,"_logos_6_logo":"field_65762455a6918","logos_7_logo":109,"_logos_7_logo":"field_65762455a6918","logos":8,"_logos":"field_6576244da6917"},"mode":"edit"},"innerBlocks":[],"innerHTML":"","innerContent":[]}],"innerBlocks":[],"innerHTML":"","innerContent":[]},{"blockName":"acf\/heading-with-description","attrs":{"name":"acf\/heading-with-description","data":{"heading_heading_text":"Die Schweizer Regierung hat vor vielen Jahren ein obligatorisches Rentensystem eingef\u00fchrt.","_heading_heading_text":"field_638627ccced84","heading_heading_level":"h3","_heading_heading_level":"field_638627e7ced85","heading_heading_variant":"default","_heading_heading_variant":"field_63862847ced86","heading_extra_classes":"","_heading_extra_classes":"field_638628eeced88","heading":"","_heading":"field_65d2480957cfc","desc":"Vor vielen Jahren hat es gut funktioniert. Aber die Dinge \u00e4ndern sich, wir leben l\u00e4nger, wir reisen weiter, wir erf\u00fcllen uns unsere Tr\u00e4ume. Leider k\u00f6nnen wir angesichts des derzeitigen demografischen R\u00fcckgangs und des in der Schweiz obligatorischen Zwei-S\u00e4ulen-Systems nicht mit viel rechnen. Traurig, aber wahr, denn wir haben unsere Beitr\u00e4ge bezahlt. Das hei\u00dft, wir arbeiten in der Schweiz vom 17. Lebensjahr bis zum vollen Rentenalter, das bald 66 Jahre f\u00fcr M\u00e4nner und 65 Jahre f\u00fcr Frauen betragen wird. Wir erhalten maximal 60 % des Durchschnittseinkommens. Bei verheirateten Paaren ist es leider noch schlimmer, da es zu einer Zusammenrechnung der Beitr\u00e4ge und einer K\u00fcrzung der Leistungen kommt. Daher sollten wir bei der Planung unseres Berufs- und Privatlebens auch an unsere Zukunft denken, die schneller kommen wird, als wir denken, und unsere Finanzen sichern. Es gibt viele M\u00f6glichkeiten. Deshalb bieten wir unseren Kunden ein Gespr\u00e4ch an, in dem sie ihre derzeitige Absicherung \u00fcberpr\u00fcfen und dann ihren tats\u00e4chlichen Bedarf f\u00fcr heute und die kommenden Jahre ermitteln k\u00f6nnen. Welche L\u00f6sung ist die beste f\u00fcr Sie?","_desc":"field_65d2483373914","container_width":"568","_container_width":"field_65d4cb89cafe2"},"mode":"edit"},"innerBlocks":[],"innerHTML":"","innerContent":[]}],"meta_data":{"container":""},"_links":{"self":[{"href":"https:\/\/lifeandmanagement.ch\/index.php\/wp-json\/wp\/v2\/pages\/464"}],"collection":[{"href":"https:\/\/lifeandmanagement.ch\/index.php\/wp-json\/wp\/v2\/pages"}],"about":[{"href":"https:\/\/lifeandmanagement.ch\/index.php\/wp-json\/wp\/v2\/types\/page"}],"author":[{"embeddable":true,"href":"https:\/\/lifeandmanagement.ch\/index.php\/wp-json\/wp\/v2\/users\/1"}],"replies":[{"embeddable":true,"href":"https:\/\/lifeandmanagement.ch\/index.php\/wp-json\/wp\/v2\/comments?post=464"}],"version-history":[{"count":4,"href":"https:\/\/lifeandmanagement.ch\/index.php\/wp-json\/wp\/v2\/pages\/464\/revisions"}],"predecessor-version":[{"id":577,"href":"https:\/\/lifeandmanagement.ch\/index.php\/wp-json\/wp\/v2\/pages\/464\/revisions\/577"}],"up":[{"embeddable":true,"href":"https:\/\/lifeandmanagement.ch\/index.php\/wp-json\/wp\/v2\/pages\/331"}],"wp:attachment":[{"href":"https:\/\/lifeandmanagement.ch\/index.php\/wp-json\/wp\/v2\/media?parent=464"}],"curies":[{"name":"wp","href":"https:\/\/api.w.org\/{rel}","templated":true}]}}